{"id":754,"date":"2021-11-16T17:14:10","date_gmt":"2021-11-16T14:14:10","guid":{"rendered":"https:\/\/smartstaybeachbodrum.com\/raume\/"},"modified":"2023-03-14T00:15:33","modified_gmt":"2023-03-13T21:15:33","slug":"raume","status":"publish","type":"page","link":"https:\/\/smartstaybeachbodrum.com\/de\/raume\/","title":{"rendered":"R\u00c4UME"},"content":{"rendered":"<div id='av_section_1'  class='avia-section av-332i-9e0d7d3ebcc60cf68db49c46944acd3a main_color avia-section-default avia-no-border-styling  avia-builder-el-0  avia-builder-el-no-sibling  avia-bg-style-scroll av-minimum-height av-minimum-height-100  container_wrap fullsize'   data-av_minimum_height_pc='100'><div class='container av-section-cont-open' ><main  role=\"main\" itemprop=\"mainContentOfPage\"  class='template-page content  av-content-full alpha units'><div class='post-entry post-entry-type-page post-entry-754'><div class='entry-content-wrapper clearfix'>\n\n<style type=\"text\/css\" data-created_by=\"avia_inline_auto\" id=\"style-css-av-1pzqy-0856095714c32e51ca321cef9c1fa340\">\n.flex_column.av-1pzqy-0856095714c32e51ca321cef9c1fa340{\n-webkit-border-radius:0px 0px 0px 0px;\n-moz-border-radius:0px 0px 0px 0px;\nborder-radius:0px 0px 0px 0px;\npadding:0px 0px 0px 0px;\n}\n<\/style>\n<div class='flex_column av-1pzqy-0856095714c32e51ca321cef9c1fa340 av_one_fourth  avia-builder-el-1  el_before_av_three_fourth  avia-builder-el-first  first flex_column_div av-zero-column-padding '     ><p>\n<style type=\"text\/css\" data-created_by=\"avia_inline_auto\" id=\"style-css-av-kwar1f39-c40d5c08db78d1247017e19b10ec01a6\">\n#top .av-special-heading.av-kwar1f39-c40d5c08db78d1247017e19b10ec01a6{\npadding-bottom:10px;\n}\nbody .av-special-heading.av-kwar1f39-c40d5c08db78d1247017e19b10ec01a6 .av-special-heading-tag .heading-char{\nfont-size:25px;\n}\n.av-special-heading.av-kwar1f39-c40d5c08db78d1247017e19b10ec01a6 .av-subheading{\nfont-size:15px;\n}\n<\/style>\n<div  class='av-special-heading av-kwar1f39-c40d5c08db78d1247017e19b10ec01a6 av-special-heading-h3  avia-builder-el-2  el_before_av_textblock  avia-builder-el-first '><h3 class='av-special-heading-tag'  itemprop=\"headline\"  >R\u00c4UME<\/h3><div class=\"special-heading-border\"><div class=\"special-heading-inner-border\"><\/div><\/div><\/div><br \/>\n<section  class='av_textblock_section av-kwar1acr-e8f7ac2062be6a9d1ed34cc942faa201'  itemscope=\"itemscope\" itemtype=\"https:\/\/schema.org\/CreativeWork\" ><div class='avia_textblock'  itemprop=\"text\" ><p style=\"text-align: left;\">Wir haben 1 Doppelbett und 1 Einzelbett in fast allen 101 Standardzimmern. Klimaanlage, Badezimmer mit Badewanne, Haartrockner, 16 in- und ausl\u00e4ndische Satellitenprogramme, Minibar, Telefon, Safe geh\u00f6ren zum Standard in unseren modern eingerichteten Zimmern. Die Fu\u00dfb\u00f6den in unseren Zimmern sind mit Keramik ausgelegt.<\/p>\n<ul>\n<li style=\"text-align: left;\">WIFI<\/li>\n<li style=\"text-align: left;\">LCD-Fernseher \u2013 Satellitensystem<\/li>\n<li style=\"text-align: left;\">Minibar<\/li>\n<li style=\"text-align: left;\">Split-Klimaanlage<\/li>\n<li style=\"text-align: left;\">Verschl\u00fcsselter Tresor<\/li>\n<li style=\"text-align: left;\">Haartrockner<\/li>\n<li style=\"text-align: left;\">Badewanne<\/li>\n<li style=\"text-align: left;\">Die Zimmerreinigung erfolgt t\u00e4glich, Bettw\u00e4sche und Handt\u00fccher werden 3 Mal pro Woche gewechselt.<\/li>\n<\/ul>\n<\/div><\/section><\/p><\/div>\n<style type=\"text\/css\" data-created_by=\"avia_inline_auto\" id=\"style-css-av-111wq-0ccafe04c9694208c843d186f21e4679\">\n.flex_column.av-111wq-0ccafe04c9694208c843d186f21e4679{\n-webkit-border-radius:0px 0px 0px 0px;\n-moz-border-radius:0px 0px 0px 0px;\nborder-radius:0px 0px 0px 0px;\npadding:0px 0px 0px 0px;\n}\n<\/style>\n<div class='flex_column av-111wq-0ccafe04c9694208c843d186f21e4679 av_three_fourth  avia-builder-el-4  el_after_av_one_fourth  avia-builder-el-last  flex_column_div av-zero-column-padding '     ><div id='av-masonry-1' class='av-masonry av-kwar0oil-219860759ba71e9fd9e78f422b64e052 noHover av-fixed-size av-large-gap av-hover-overlay-bluronhover av-masonry-animation-active av-masonry-col-2 av-caption-always av-caption-style- av-masonry-gallery av-medium-columns-overwrite av-medium-columns-2 av-small-columns-overwrite av-small-columns-1 av-mini-columns-overwrite av-mini-columns-1 ' data-post_id=\"754\"><div class=\"av-masonry-container isotope av-js-disabled\"><div class='av-masonry-entry isotope-item av-masonry-item-no-image '><\/div><a href=\"https:\/\/smartstaybeachbodrum.com\/wp-content\/uploads\/2021\/11\/Smart-Stay-Hotel-Bodrum-10-1030x687.jpg\" data-srcset=\"https:\/\/smartstaybeachbodrum.com\/wp-content\/uploads\/2021\/11\/Smart-Stay-Hotel-Bodrum-10-1030x687.jpg 1030w, https:\/\/smartstaybeachbodrum.com\/wp-content\/uploads\/2021\/11\/Smart-Stay-Hotel-Bodrum-10-300x200.jpg 300w, https:\/\/smartstaybeachbodrum.com\/wp-content\/uploads\/2021\/11\/Smart-Stay-Hotel-Bodrum-10-768x512.jpg 768w, https:\/\/smartstaybeachbodrum.com\/wp-content\/uploads\/2021\/11\/Smart-Stay-Hotel-Bodrum-10-705x470.jpg 705w, https:\/\/smartstaybeachbodrum.com\/wp-content\/uploads\/2021\/11\/Smart-Stay-Hotel-Bodrum-10.jpg 1200w\" data-sizes=\"(max-width: 1030px) 100vw, 1030px\"  aria-label=\"Bild Smart Stay Hotel Bodrum &#8211; 10\"  id='av-masonry-1-item-474' data-av-masonry-item='474' class='av-masonry-entry isotope-item post-474 attachment type-attachment status-inherit hentry  av-masonry-item-with-image' title=\"\" alt=\"\"    itemprop=\"thumbnailUrl\" ><div class='av-inner-masonry-sizer'><\/div><figure class='av-inner-masonry main_color'><div class=\"av-masonry-outerimage-container\"><div class='av-masonry-image-container' style=\"background-image: url(https:\/\/smartstaybeachbodrum.com\/wp-content\/uploads\/2021\/11\/Smart-Stay-Hotel-Bodrum-10-705x470.jpg);\"  title=\"Smart Stay Hotel Bodrum &#8211; 10\"  ><\/div><\/div><\/figure><\/a><!--end av-masonry entry--><a href=\"https:\/\/smartstaybeachbodrum.com\/wp-content\/uploads\/2021\/11\/Smart-Stay-Hotel-Bodrum-9-1030x687.jpg\" data-srcset=\"https:\/\/smartstaybeachbodrum.com\/wp-content\/uploads\/2021\/11\/Smart-Stay-Hotel-Bodrum-9-1030x687.jpg 1030w, https:\/\/smartstaybeachbodrum.com\/wp-content\/uploads\/2021\/11\/Smart-Stay-Hotel-Bodrum-9-300x200.jpg 300w, https:\/\/smartstaybeachbodrum.com\/wp-content\/uploads\/2021\/11\/Smart-Stay-Hotel-Bodrum-9-768x512.jpg 768w, https:\/\/smartstaybeachbodrum.com\/wp-content\/uploads\/2021\/11\/Smart-Stay-Hotel-Bodrum-9-705x470.jpg 705w, https:\/\/smartstaybeachbodrum.com\/wp-content\/uploads\/2021\/11\/Smart-Stay-Hotel-Bodrum-9.jpg 1200w\" data-sizes=\"(max-width: 1030px) 100vw, 1030px\"  aria-label=\"Bild Smart Stay Hotel Bodrum &#8211; 9\"  id='av-masonry-1-item-471' data-av-masonry-item='471' class='av-masonry-entry isotope-item post-471 attachment type-attachment status-inherit hentry  av-masonry-item-with-image' title=\"\" alt=\"\"    itemprop=\"thumbnailUrl\" ><div class='av-inner-masonry-sizer'><\/div><figure class='av-inner-masonry main_color'><div class=\"av-masonry-outerimage-container\"><div class='av-masonry-image-container' style=\"background-image: url(https:\/\/smartstaybeachbodrum.com\/wp-content\/uploads\/2021\/11\/Smart-Stay-Hotel-Bodrum-9-705x470.jpg);\"  title=\"Smart Stay Hotel Bodrum &#8211; 9\"  ><\/div><\/div><\/figure><\/a><!--end av-masonry entry--><a href=\"https:\/\/smartstaybeachbodrum.com\/wp-content\/uploads\/2021\/11\/Smart-Stay-Hotel-Bodrum-11-1030x687.jpg\" data-srcset=\"https:\/\/smartstaybeachbodrum.com\/wp-content\/uploads\/2021\/11\/Smart-Stay-Hotel-Bodrum-11-1030x687.jpg 1030w, https:\/\/smartstaybeachbodrum.com\/wp-content\/uploads\/2021\/11\/Smart-Stay-Hotel-Bodrum-11-300x200.jpg 300w, https:\/\/smartstaybeachbodrum.com\/wp-content\/uploads\/2021\/11\/Smart-Stay-Hotel-Bodrum-11-768x512.jpg 768w, https:\/\/smartstaybeachbodrum.com\/wp-content\/uploads\/2021\/11\/Smart-Stay-Hotel-Bodrum-11-705x470.jpg 705w, https:\/\/smartstaybeachbodrum.com\/wp-content\/uploads\/2021\/11\/Smart-Stay-Hotel-Bodrum-11.jpg 1200w\" data-sizes=\"(max-width: 1030px) 100vw, 1030px\"  aria-label=\"Bild Smart Stay Hotel Bodrum &#8211; 11\"  id='av-masonry-1-item-477' data-av-masonry-item='477' class='av-masonry-entry isotope-item post-477 attachment type-attachment status-inherit hentry  av-masonry-item-with-image' title=\"\" alt=\"\"    itemprop=\"thumbnailUrl\" ><div class='av-inner-masonry-sizer'><\/div><figure class='av-inner-masonry main_color'><div class=\"av-masonry-outerimage-container\"><div class='av-masonry-image-container' style=\"background-image: url(https:\/\/smartstaybeachbodrum.com\/wp-content\/uploads\/2021\/11\/Smart-Stay-Hotel-Bodrum-11-705x470.jpg);\"  title=\"Smart Stay Hotel Bodrum &#8211; 11\"  ><\/div><\/div><\/figure><\/a><!--end av-masonry entry--><a href=\"https:\/\/smartstaybeachbodrum.com\/wp-content\/uploads\/2021\/11\/Smart-Stay-Hotel-Bodrum-12-1030x687.jpg\" data-srcset=\"https:\/\/smartstaybeachbodrum.com\/wp-content\/uploads\/2021\/11\/Smart-Stay-Hotel-Bodrum-12-1030x687.jpg 1030w, https:\/\/smartstaybeachbodrum.com\/wp-content\/uploads\/2021\/11\/Smart-Stay-Hotel-Bodrum-12-300x200.jpg 300w, https:\/\/smartstaybeachbodrum.com\/wp-content\/uploads\/2021\/11\/Smart-Stay-Hotel-Bodrum-12-768x512.jpg 768w, https:\/\/smartstaybeachbodrum.com\/wp-content\/uploads\/2021\/11\/Smart-Stay-Hotel-Bodrum-12-705x470.jpg 705w, https:\/\/smartstaybeachbodrum.com\/wp-content\/uploads\/2021\/11\/Smart-Stay-Hotel-Bodrum-12.jpg 1200w\" data-sizes=\"(max-width: 1030px) 100vw, 1030px\"  aria-label=\"Bild Smart Stay Hotel Bodrum &#8211; 12\"  id='av-masonry-1-item-480' data-av-masonry-item='480' class='av-masonry-entry isotope-item post-480 attachment type-attachment status-inherit hentry  av-masonry-item-with-image' title=\"\" alt=\"\"    itemprop=\"thumbnailUrl\" ><div class='av-inner-masonry-sizer'><\/div><figure class='av-inner-masonry main_color'><div class=\"av-masonry-outerimage-container\"><div class='av-masonry-image-container' style=\"background-image: url(https:\/\/smartstaybeachbodrum.com\/wp-content\/uploads\/2021\/11\/Smart-Stay-Hotel-Bodrum-12-705x470.jpg);\"  title=\"Smart Stay Hotel Bodrum &#8211; 12\"  ><\/div><\/div><\/figure><\/a><!--end av-masonry entry--><\/div><\/div><\/div>\n","protected":false},"excerpt":{"rendered":"","protected":false},"author":1,"featured_media":0,"parent":0,"menu_order":0,"comment_status":"closed","ping_status":"closed","template":"","meta":{"_joinchat":[],"footnotes":""},"class_list":["post-754","page","type-page","status-publish","hentry"],"aioseo_notices":[],"_links":{"self":[{"href":"https:\/\/smartstaybeachbodrum.com\/de\/wp-json\/wp\/v2\/pages\/754","targetHints":{"allow":["GET"]}}],"collection":[{"href":"https:\/\/smartstaybeachbodrum.com\/de\/wp-json\/wp\/v2\/pages"}],"about":[{"href":"https:\/\/smartstaybeachbodrum.com\/de\/wp-json\/wp\/v2\/types\/page"}],"author":[{"embeddable":true,"href":"https:\/\/smartstaybeachbodrum.com\/de\/wp-json\/wp\/v2\/users\/1"}],"replies":[{"embeddable":true,"href":"https:\/\/smartstaybeachbodrum.com\/de\/wp-json\/wp\/v2\/comments?post=754"}],"version-history":[{"count":2,"href":"https:\/\/smartstaybeachbodrum.com\/de\/wp-json\/wp\/v2\/pages\/754\/revisions"}],"predecessor-version":[{"id":774,"href":"https:\/\/smartstaybeachbodrum.com\/de\/wp-json\/wp\/v2\/pages\/754\/revisions\/774"}],"wp:attachment":[{"href":"https:\/\/smartstaybeachbodrum.com\/de\/wp-json\/wp\/v2\/media?parent=754"}],"curies":[{"name":"wp","href":"https:\/\/api.w.org\/{rel}","templated":true}]}}