{"id":757,"date":"2022-12-06T23:44:45","date_gmt":"2022-12-06T20:44:45","guid":{"rendered":"https:\/\/smartstaybeachbodrum.com\/restaurant-bar\/"},"modified":"2025-04-08T14:04:55","modified_gmt":"2025-04-08T11:04:55","slug":"restaurant-bar","status":"publish","type":"page","link":"https:\/\/smartstaybeachbodrum.com\/de\/restaurant-bar\/","title":{"rendered":"RESTAURANT &#038; BAR"},"content":{"rendered":"\n<style type=\"text\/css\" data-created_by=\"avia_inline_auto\" id=\"style-css-av-av_one_full-53b0b300fb3685750664fb085c5ad19d\">\n.flex_column.av-av_one_full-53b0b300fb3685750664fb085c5ad19d{\n-webkit-border-radius:0px 0px 0px 0px;\n-moz-border-radius:0px 0px 0px 0px;\nborder-radius:0px 0px 0px 0px;\npadding:0px 0px 0px 0px;\n}\n<\/style>\n<div class='flex_column av-av_one_full-53b0b300fb3685750664fb085c5ad19d av_one_full  avia-builder-el-0  el_before_av_one_third  avia-builder-el-first  first flex_column_div av-zero-column-padding '     ><p>\n<style type=\"text\/css\" data-created_by=\"avia_inline_auto\" id=\"style-css-av-av_heading-cefe4dd1df29172393d3d653fafcac43\">\n#top .av-special-heading.av-av_heading-cefe4dd1df29172393d3d653fafcac43{\npadding-bottom:10px;\n}\nbody .av-special-heading.av-av_heading-cefe4dd1df29172393d3d653fafcac43 .av-special-heading-tag .heading-char{\nfont-size:25px;\n}\n.av-special-heading.av-av_heading-cefe4dd1df29172393d3d653fafcac43 .av-subheading{\nfont-size:15px;\n}\n<\/style>\n<div  class='av-special-heading av-av_heading-cefe4dd1df29172393d3d653fafcac43 av-special-heading-h3  avia-builder-el-1  el_before_av_masonry_gallery  avia-builder-el-no-sibling '><h3 class='av-special-heading-tag'  itemprop=\"headline\"  >RESTAURANT <span class='special_amp'>&amp;<\/span> BAR<\/h3><div class=\"special-heading-border\"><div class=\"special-heading-inner-border\"><\/div><\/div><\/div><br \/>\n<div id='av-masonry-1' class='av-masonry av-av_masonry_gallery-14a6708089e005ed889f99ee3221579d noHover av-fixed-size av-large-gap av-hover-overlay-fade_out av-masonry-animation-active av-masonry-col-3 av-caption-always av-caption-style- av-masonry-gallery av-medium-columns-overwrite av-medium-columns-2 av-small-columns-overwrite av-small-columns-2 av-mini-columns-overwrite av-mini-columns-2 ' data-post_id=\"757\"><div class=\"av-masonry-container isotope av-js-disabled\"><div class='av-masonry-entry isotope-item av-masonry-item-no-image '><\/div><a href=\"https:\/\/smartstaybeachbodrum.com\/wp-content\/uploads\/2022\/12\/smart-stay-beach-restaurant-1.jpeg\" data-srcset=\"https:\/\/smartstaybeachbodrum.com\/wp-content\/uploads\/2022\/12\/smart-stay-beach-restaurant-1.jpeg 700w, https:\/\/smartstaybeachbodrum.com\/wp-content\/uploads\/2022\/12\/smart-stay-beach-restaurant-1-300x201.jpeg 300w\" data-sizes=\"(max-width: 700px) 100vw, 700px\"  aria-label=\"Bild smart-stay-beach-restaurant-1\"  id='av-masonry-1-item-573' data-av-masonry-item='573' class='av-masonry-entry isotope-item post-573 attachment type-attachment status-inherit hentry  av-masonry-item-with-image' title=\"\" alt=\"\"    itemprop=\"thumbnailUrl\" ><div class='av-inner-masonry-sizer'><\/div><figure class='av-inner-masonry main_color'><div class=\"av-masonry-outerimage-container\"><div class='av-masonry-image-container' style=\"background-image: url(https:\/\/smartstaybeachbodrum.com\/wp-content\/uploads\/2022\/12\/smart-stay-beach-restaurant-1.jpeg);\"  title=\"smart-stay-beach-restaurant-1\"  ><\/div><\/div><\/figure><\/a><!--end av-masonry entry--><a href=\"https:\/\/smartstaybeachbodrum.com\/wp-content\/uploads\/2022\/12\/smart-stay-beach-restaurant-2.jpeg\" data-srcset=\"https:\/\/smartstaybeachbodrum.com\/wp-content\/uploads\/2022\/12\/smart-stay-beach-restaurant-2.jpeg 700w, https:\/\/smartstaybeachbodrum.com\/wp-content\/uploads\/2022\/12\/smart-stay-beach-restaurant-2-300x201.jpeg 300w\" data-sizes=\"(max-width: 700px) 100vw, 700px\"  aria-label=\"Bild smart-stay-beach-restaurant-2\"  id='av-masonry-1-item-576' data-av-masonry-item='576' class='av-masonry-entry isotope-item post-576 attachment type-attachment status-inherit hentry  av-masonry-item-with-image' title=\"\" alt=\"\"    itemprop=\"thumbnailUrl\" ><div class='av-inner-masonry-sizer'><\/div><figure class='av-inner-masonry main_color'><div class=\"av-masonry-outerimage-container\"><div class='av-masonry-image-container' style=\"background-image: url(https:\/\/smartstaybeachbodrum.com\/wp-content\/uploads\/2022\/12\/smart-stay-beach-restaurant-2.jpeg);\"  title=\"smart-stay-beach-restaurant-2\"  ><\/div><\/div><\/figure><\/a><!--end av-masonry entry--><a href=\"https:\/\/smartstaybeachbodrum.com\/wp-content\/uploads\/2022\/12\/smart-stay-beach-restaurant-3.jpeg\" data-srcset=\"https:\/\/smartstaybeachbodrum.com\/wp-content\/uploads\/2022\/12\/smart-stay-beach-restaurant-3.jpeg 700w, https:\/\/smartstaybeachbodrum.com\/wp-content\/uploads\/2022\/12\/smart-stay-beach-restaurant-3-300x201.jpeg 300w\" data-sizes=\"(max-width: 700px) 100vw, 700px\"  aria-label=\"Bild smart-stay-beach-restaurant-3\"  id='av-masonry-1-item-579' data-av-masonry-item='579' class='av-masonry-entry isotope-item post-579 attachment type-attachment status-inherit hentry  av-masonry-item-with-image' title=\"\" alt=\"\"    itemprop=\"thumbnailUrl\" ><div class='av-inner-masonry-sizer'><\/div><figure class='av-inner-masonry main_color'><div class=\"av-masonry-outerimage-container\"><div class='av-masonry-image-container' style=\"background-image: url(https:\/\/smartstaybeachbodrum.com\/wp-content\/uploads\/2022\/12\/smart-stay-beach-restaurant-3.jpeg);\"  title=\"smart-stay-beach-restaurant-3\"  ><\/div><\/div><\/figure><\/a><!--end av-masonry entry--><a href=\"https:\/\/smartstaybeachbodrum.com\/wp-content\/uploads\/2022\/12\/smart-stay-beach-restaurant-4.jpeg\" data-srcset=\"https:\/\/smartstaybeachbodrum.com\/wp-content\/uploads\/2022\/12\/smart-stay-beach-restaurant-4.jpeg 700w, https:\/\/smartstaybeachbodrum.com\/wp-content\/uploads\/2022\/12\/smart-stay-beach-restaurant-4-300x201.jpeg 300w\" data-sizes=\"(max-width: 700px) 100vw, 700px\"  aria-label=\"Bild smart-stay-beach-restaurant-4\"  id='av-masonry-1-item-582' data-av-masonry-item='582' class='av-masonry-entry isotope-item post-582 attachment type-attachment status-inherit hentry  av-masonry-item-with-image' title=\"\" alt=\"\"    itemprop=\"thumbnailUrl\" ><div class='av-inner-masonry-sizer'><\/div><figure class='av-inner-masonry main_color'><div class=\"av-masonry-outerimage-container\"><div class='av-masonry-image-container' style=\"background-image: url(https:\/\/smartstaybeachbodrum.com\/wp-content\/uploads\/2022\/12\/smart-stay-beach-restaurant-4.jpeg);\"  title=\"smart-stay-beach-restaurant-4\"  ><\/div><\/div><\/figure><\/a><!--end av-masonry entry--><a href=\"https:\/\/smartstaybeachbodrum.com\/wp-content\/uploads\/2022\/12\/smart-stay-beach-restaurant-5.jpeg\" data-srcset=\"https:\/\/smartstaybeachbodrum.com\/wp-content\/uploads\/2022\/12\/smart-stay-beach-restaurant-5.jpeg 700w, https:\/\/smartstaybeachbodrum.com\/wp-content\/uploads\/2022\/12\/smart-stay-beach-restaurant-5-300x201.jpeg 300w\" data-sizes=\"(max-width: 700px) 100vw, 700px\"  aria-label=\"Bild smart-stay-beach-restaurant-5\"  id='av-masonry-1-item-585' data-av-masonry-item='585' class='av-masonry-entry isotope-item post-585 attachment type-attachment status-inherit hentry  av-masonry-item-with-image' title=\"\" alt=\"\"    itemprop=\"thumbnailUrl\" ><div class='av-inner-masonry-sizer'><\/div><figure class='av-inner-masonry main_color'><div class=\"av-masonry-outerimage-container\"><div class='av-masonry-image-container' style=\"background-image: url(https:\/\/smartstaybeachbodrum.com\/wp-content\/uploads\/2022\/12\/smart-stay-beach-restaurant-5.jpeg);\"  title=\"smart-stay-beach-restaurant-5\"  ><\/div><\/div><\/figure><\/a><!--end av-masonry entry--><a href=\"https:\/\/smartstaybeachbodrum.com\/wp-content\/uploads\/2022\/12\/smart-stay-beach-restaurant-6.jpeg\" data-srcset=\"https:\/\/smartstaybeachbodrum.com\/wp-content\/uploads\/2022\/12\/smart-stay-beach-restaurant-6.jpeg 700w, https:\/\/smartstaybeachbodrum.com\/wp-content\/uploads\/2022\/12\/smart-stay-beach-restaurant-6-300x201.jpeg 300w\" data-sizes=\"(max-width: 700px) 100vw, 700px\"  aria-label=\"Bild smart-stay-beach-restaurant-6\"  id='av-masonry-1-item-588' data-av-masonry-item='588' class='av-masonry-entry isotope-item post-588 attachment type-attachment status-inherit hentry  av-masonry-item-with-image' title=\"\" alt=\"\"    itemprop=\"thumbnailUrl\" ><div class='av-inner-masonry-sizer'><\/div><figure class='av-inner-masonry main_color'><div class=\"av-masonry-outerimage-container\"><div class='av-masonry-image-container' style=\"background-image: url(https:\/\/smartstaybeachbodrum.com\/wp-content\/uploads\/2022\/12\/smart-stay-beach-restaurant-6.jpeg);\"  title=\"smart-stay-beach-restaurant-6\"  ><\/div><\/div><\/figure><\/a><!--end av-masonry entry--><a href=\"https:\/\/smartstaybeachbodrum.com\/wp-content\/uploads\/2022\/12\/smart-stay-beach-restaurant-7.jpeg\" data-srcset=\"https:\/\/smartstaybeachbodrum.com\/wp-content\/uploads\/2022\/12\/smart-stay-beach-restaurant-7.jpeg 700w, https:\/\/smartstaybeachbodrum.com\/wp-content\/uploads\/2022\/12\/smart-stay-beach-restaurant-7-300x201.jpeg 300w\" data-sizes=\"(max-width: 700px) 100vw, 700px\"  aria-label=\"Bild smart-stay-beach-restaurant-7\"  id='av-masonry-1-item-591' data-av-masonry-item='591' class='av-masonry-entry isotope-item post-591 attachment type-attachment status-inherit hentry  av-masonry-item-with-image' title=\"\" alt=\"\"    itemprop=\"thumbnailUrl\" ><div class='av-inner-masonry-sizer'><\/div><figure class='av-inner-masonry main_color'><div class=\"av-masonry-outerimage-container\"><div class='av-masonry-image-container' style=\"background-image: url(https:\/\/smartstaybeachbodrum.com\/wp-content\/uploads\/2022\/12\/smart-stay-beach-restaurant-7.jpeg);\"  title=\"smart-stay-beach-restaurant-7\"  ><\/div><\/div><\/figure><\/a><!--end av-masonry entry--><a href=\"https:\/\/smartstaybeachbodrum.com\/wp-content\/uploads\/2022\/12\/smart-stay-beach-restaurant-8.jpeg\" data-srcset=\"https:\/\/smartstaybeachbodrum.com\/wp-content\/uploads\/2022\/12\/smart-stay-beach-restaurant-8.jpeg 700w, https:\/\/smartstaybeachbodrum.com\/wp-content\/uploads\/2022\/12\/smart-stay-beach-restaurant-8-300x201.jpeg 300w\" data-sizes=\"(max-width: 700px) 100vw, 700px\"  aria-label=\"Bild smart-stay-beach-restaurant-8\"  id='av-masonry-1-item-594' data-av-masonry-item='594' class='av-masonry-entry isotope-item post-594 attachment type-attachment status-inherit hentry  av-masonry-item-with-image' title=\"\" alt=\"\"    itemprop=\"thumbnailUrl\" ><div class='av-inner-masonry-sizer'><\/div><figure class='av-inner-masonry main_color'><div class=\"av-masonry-outerimage-container\"><div class='av-masonry-image-container' style=\"background-image: url(https:\/\/smartstaybeachbodrum.com\/wp-content\/uploads\/2022\/12\/smart-stay-beach-restaurant-8.jpeg);\"  title=\"smart-stay-beach-restaurant-8\"  ><\/div><\/div><\/figure><\/a><!--end av-masonry entry--><a href=\"https:\/\/smartstaybeachbodrum.com\/wp-content\/uploads\/2022\/12\/smart-stay-beach-restaurant-9.jpeg\" data-srcset=\"https:\/\/smartstaybeachbodrum.com\/wp-content\/uploads\/2022\/12\/smart-stay-beach-restaurant-9.jpeg 700w, https:\/\/smartstaybeachbodrum.com\/wp-content\/uploads\/2022\/12\/smart-stay-beach-restaurant-9-300x201.jpeg 300w\" data-sizes=\"(max-width: 700px) 100vw, 700px\"  aria-label=\"Bild smart-stay-beach-restaurant-9\"  id='av-masonry-1-item-597' data-av-masonry-item='597' class='av-masonry-entry isotope-item post-597 attachment type-attachment status-inherit hentry  av-masonry-item-with-image' title=\"\" alt=\"\"    itemprop=\"thumbnailUrl\" ><div class='av-inner-masonry-sizer'><\/div><figure class='av-inner-masonry main_color'><div class=\"av-masonry-outerimage-container\"><div class='av-masonry-image-container' style=\"background-image: url(https:\/\/smartstaybeachbodrum.com\/wp-content\/uploads\/2022\/12\/smart-stay-beach-restaurant-9.jpeg);\"  title=\"smart-stay-beach-restaurant-9\"  ><\/div><\/div><\/figure><\/a><!--end av-masonry entry--><\/div><\/div><\/p><\/div>\n\n<style type=\"text\/css\" data-created_by=\"avia_inline_auto\" id=\"style-css-av-av_one_third-53b0b300fb3685750664fb085c5ad19d\">\n.flex_column.av-av_one_third-53b0b300fb3685750664fb085c5ad19d{\n-webkit-border-radius:0px 0px 0px 0px;\n-moz-border-radius:0px 0px 0px 0px;\nborder-radius:0px 0px 0px 0px;\npadding:0px 0px 0px 0px;\n}\n<\/style>\n<div class='flex_column av-av_one_third-53b0b300fb3685750664fb085c5ad19d av_one_third  avia-builder-el-3  el_after_av_one_full  el_before_av_one_third  first flex_column_div av-zero-column-padding column-top-margin'     ><section  class='av_textblock_section av-m98e8dcl-b2f47eb40d1cc483fe1f94b4949b0979'  itemscope=\"itemscope\" itemtype=\"https:\/\/schema.org\/CreativeWork\" ><div class='avia_textblock'  itemprop=\"text\" ><div id=\"c16c3f23-7faf-48d0-a47a-02514f21e31a\" class=\"row _hw7s4\">\n<div class=\"col-12 col-md-12\">\n<p style=\"text-align: left;\"><strong>Im All-Inclusive-Konzept;<\/strong><\/p>\n<p style=\"text-align: left;\">Fr\u00fchst\u00fcck, Mittag- und Abendessen werden in Form von offenen Buffets angeboten. Zwischen 10:00 und 23:00 Uhr sind lokale alkoholische und alkoholfreie Getr\u00e4nke von von der Einrichtung bestimmten Marken kostenlos. F\u00fcr importierte Getr\u00e4nke, frisch gepresste Fruchts\u00e4fte, Flaschenwein, Flaschen- und importierte Getr\u00e4nke, Cocktails und t\u00fcrkischen Kaffee fallen Geb\u00fchren an. F\u00fcr Geburtstagstorten und Torten nach Sonderwunsch f\u00e4llt ein Aufpreis an.<\/p>\n<\/div>\n<\/div>\n<div id=\"f03b337e-3284-46b1-a505-9476ec3f2b93\" class=\"row _hw7s4\" style=\"text-align: left;\">\n<div class=\"col-12 col-md-12\"><\/div>\n<\/div>\n<\/div><\/section><\/div>\n<style type=\"text\/css\" data-created_by=\"avia_inline_auto\" id=\"style-css-av-av_one_third-7984035d50f0055e2d8c0f71fa3ebd04\">\n.flex_column.av-av_one_third-7984035d50f0055e2d8c0f71fa3ebd04{\n-webkit-border-radius:0px 0px 0px 0px;\n-moz-border-radius:0px 0px 0px 0px;\nborder-radius:0px 0px 0px 0px;\npadding:0px 0px 0px 0px;\n}\n<\/style>\n<div class='flex_column av-av_one_third-7984035d50f0055e2d8c0f71fa3ebd04 av_one_third  avia-builder-el-5  el_after_av_one_third  el_before_av_one_third  flex_column_div av-zero-column-padding column-top-margin'     ><section  class='av_textblock_section av-m98e8jqn-843a4beac6603530dd519428a49861b7'  itemscope=\"itemscope\" itemtype=\"https:\/\/schema.org\/CreativeWork\" ><div class='avia_textblock'  itemprop=\"text\" ><div id=\"c16c3f23-7faf-48d0-a47a-02514f21e31a\" class=\"row _hw7s4\">\n<div class=\"col-12 col-md-12\">\n<p style=\"text-align: left;\"><strong>All-Inclusive-Konzeptfunktionen<\/strong><\/p>\n<p style=\"text-align: left;\">Fr\u00fchst\u00fcck (zwischen 07:30 und 10:00 Uhr)<\/p>\n<p style=\"text-align: left;\">Mittagessen (zwischen 12:30 und 14:00 Uhr)<\/p>\n<p style=\"text-align: left;\">Abendessen (zwischen 19:30 und 21:00 Uhr)<\/p>\n<p style=\"text-align: left;\">Snackbar (zwischen 15:00 und 16:00 Uhr)<\/p>\n<p style=\"text-align: left;\">Tee &amp; Kuchen (zwischen 17:00 und 18:00 Uhr)<\/p>\n<p style=\"text-align: left;\"><strong>Barren;<\/strong><\/p>\n<p style=\"text-align: left;\">Poolbar (zwischen 10:00 und 23:00 Uhr)<\/p>\n<\/div>\n<\/div>\n<div id=\"f03b337e-3284-46b1-a505-9476ec3f2b93\" class=\"row _hw7s4\" style=\"text-align: left;\">\n<div class=\"col-12 col-md-12\"><\/div>\n<\/div>\n<\/div><\/section><\/div>\n<style type=\"text\/css\" data-created_by=\"avia_inline_auto\" id=\"style-css-av-av_one_third-7984035d50f0055e2d8c0f71fa3ebd04\">\n.flex_column.av-av_one_third-7984035d50f0055e2d8c0f71fa3ebd04{\n-webkit-border-radius:0px 0px 0px 0px;\n-moz-border-radius:0px 0px 0px 0px;\nborder-radius:0px 0px 0px 0px;\npadding:0px 0px 0px 0px;\n}\n<\/style>\n<div class='flex_column av-av_one_third-7984035d50f0055e2d8c0f71fa3ebd04 av_one_third  avia-builder-el-7  el_after_av_one_third  avia-builder-el-last  flex_column_div av-zero-column-padding column-top-margin'     ><\/div><\/p>\n","protected":false},"excerpt":{"rendered":"","protected":false},"author":1,"featured_media":0,"parent":0,"menu_order":0,"comment_status":"closed","ping_status":"closed","template":"","meta":{"_joinchat":[],"footnotes":""},"class_list":["post-757","page","type-page","status-publish","hentry"],"aioseo_notices":[],"_links":{"self":[{"href":"https:\/\/smartstaybeachbodrum.com\/de\/wp-json\/wp\/v2\/pages\/757","targetHints":{"allow":["GET"]}}],"collection":[{"href":"https:\/\/smartstaybeachbodrum.com\/de\/wp-json\/wp\/v2\/pages"}],"about":[{"href":"https:\/\/smartstaybeachbodrum.com\/de\/wp-json\/wp\/v2\/types\/page"}],"author":[{"embeddable":true,"href":"https:\/\/smartstaybeachbodrum.com\/de\/wp-json\/wp\/v2\/users\/1"}],"replies":[{"embeddable":true,"href":"https:\/\/smartstaybeachbodrum.com\/de\/wp-json\/wp\/v2\/comments?post=757"}],"version-history":[{"count":2,"href":"https:\/\/smartstaybeachbodrum.com\/de\/wp-json\/wp\/v2\/pages\/757\/revisions"}],"predecessor-version":[{"id":1133,"href":"https:\/\/smartstaybeachbodrum.com\/de\/wp-json\/wp\/v2\/pages\/757\/revisions\/1133"}],"wp:attachment":[{"href":"https:\/\/smartstaybeachbodrum.com\/de\/wp-json\/wp\/v2\/media?parent=757"}],"curies":[{"name":"wp","href":"https:\/\/api.w.org\/{rel}","templated":true}]}}